{"id":871,"date":"2019-03-22T17:39:26","date_gmt":"2019-03-22T17:39:26","guid":{"rendered":"http:\/\/www.nysclinicas.cl\/sitio\/?page_id=871"},"modified":"2025-01-23T13:50:19","modified_gmt":"2025-01-23T16:50:19","slug":"ofertas","status":"publish","type":"page","link":"https:\/\/www.nysclinicas.cl\/sitio\/ofertas\/","title":{"rendered":"Ofertas"},"content":{"rendered":"[vc_row fullwidth=\u00bbtrue\u00bb el_class=\u00bbcabecera\u00bb css=\u00bb.vc_custom_1557443351399{background-image: url(http:\/\/www.nysclinicas.cl\/sitio\/wp-content\/uploads\/2019\/01\/titulo-degrade.png?id=175) !important;background-position: 0 0 !important;background-repeat: no-repeat !important;}\u00bb][vc_column width=\u00bb1\/6&#8243;][\/vc_column][vc_column width=\u00bb2\/6&#8243;][mk_image src=\u00bbhttp:\/\/www.nysclinicas.cl\/sitio\/wp-content\/uploads\/2019\/01\/titulo-5.png\u00bb image_size=\u00bbfull\u00bb align=\u00bbcenter\u00bb][\/vc_column][vc_column width=\u00bb2\/6&#8243;][mk_padding_divider size=\u00bb180&#8243; visibility=\u00bbhidden-sm\u00bb][mk_fancy_title color=\u00bb#ffffff\u00bb size=\u00bb50&#8243; force_font_size=\u00bbtrue\u00bb size_smallscreen=\u00bb40&#8243; size_tablet=\u00bb30&#8243; size_phone=\u00bb30&#8243; font_weight=\u00bbbold\u00bb font_style=\u00bbnormal\u00bb margin_bottom=\u00bb0&#8243; font_family=\u00bbnone\u00bb align=\u00bbcenter\u00bb el_class=\u00bbmargin0&#8243;]PROMOCIONES[\/mk_fancy_title][\/vc_column][vc_column width=\u00bb1\/6&#8243;][\/vc_column][\/vc_row][vc_row fullwidth=\u00bbtrue\u00bb fullwidth_content=\u00bbfalse\u00bb css=\u00bb.vc_custom_1553283395790{margin-top: 50px !important;}\u00bb][vc_column width=\u00bb1\/2&#8243; css=\u00bb.vc_custom_1547749811031{margin-bottom: 30px !important;}\u00bb][vc_row_inner css=\u00bb.vc_custom_1553100990719{margin-top: 20px !important;background-color: #ffffff !important;background-position: center !important;background-repeat: no-repeat !important;background-size: cover !important;}\u00bb el_class=\u00bbborderradius\u00bb][vc_column_inner css=\u00bb.vc_custom_1547743260117{padding-right: 20px !important;padding-left: 20px !important;}\u00bb][mk_padding_divider][mk_image_switch src_first=\u00bbhttp:\/\/www.nysclinicas.cl\/sitio\/wp-content\/uploads\/2019\/01\/planes-4.png\u00bb src_second=\u00bbhttp:\/\/www.nysclinicas.cl\/sitio\/wp-content\/uploads\/2019\/01\/planes-4-hover.png\u00bb image_width=\u00bb370&#8243; image_height=\u00bb370&#8243; crop=\u00bbfalse\u00bb align=\u00bbcenter\u00bb margin_bottom=\u00bb0&#8243; link=\u00bburl:%23plan4|||\u00bb][mk_padding_divider size=\u00bb20&#8243;][mk_fancy_title color=\u00bb#e9a63c\u00bb size=\u00bb40&#8243; font_weight=\u00bbbold\u00bb font_style=\u00bbnormal\u00bb font_family=\u00bbnone\u00bb align=\u00bbcenter\u00bb]Limpieza<\/p>\n<p>Dental[\/mk_fancy_title][mk_padding_divider][mk_button dimension=\u00bboutline\u00bb size=\u00bbmedium\u00bb url=\u00bb#plan4&#8243; align=\u00bbcenter\u00bb outline_skin=\u00bbcustom\u00bb outline_active_color=\u00bb#00a7e1&#8243; outline_active_text_color=\u00bb#00a7e1&#8243; outline_hover_bg_color=\u00bb#ffffff\u00bb outline_hover_color=\u00bb#00a7e1&#8243;]M\u00e1s informaci\u00f3n aqu\u00ed[\/mk_button][\/vc_column_inner][\/vc_row_inner][\/vc_column][vc_column width=\u00bb1\/2&#8243; css=\u00bb.vc_custom_1557431878412{margin-bottom: 30px !important;}\u00bb][vc_row_inner css=\u00bb.vc_custom_1547742982809{margin-top: 20px !important;background-color: #ffffff !important;background-position: center !important;background-repeat: no-repeat !important;background-size: cover !important;}\u00bb el_class=\u00bbborderradius\u00bb][vc_column_inner css=\u00bb.vc_custom_1547743253646{padding-right: 20px !important;padding-left: 20px !important;}\u00bb][mk_padding_divider][mk_image_switch src_first=\u00bbhttp:\/\/www.nysclinicas.cl\/sitio\/wp-content\/uploads\/2019\/03\/odonto.png\u00bb src_second=\u00bbhttp:\/\/www.nysclinicas.cl\/sitio\/wp-content\/uploads\/2019\/03\/azul-final-odonto.png\u00bb image_width=\u00bb370&#8243; image_height=\u00bb370&#8243; crop=\u00bbfalse\u00bb align=\u00bbcenter\u00bb link=\u00bburl:%23planbrakets|||\u00bb][mk_padding_divider size=\u00bb20&#8243;][mk_fancy_title color=\u00bb#e9a63c\u00bb size=\u00bb40&#8243; font_weight=\u00bbbold\u00bb font_style=\u00bbnormal\u00bb font_family=\u00bbnone\u00bb align=\u00bbcenter\u00bb]Brakets<\/p>\n<p>Met\u00e1licos[\/mk_fancy_title][mk_button dimension=\u00bboutline\u00bb size=\u00bbmedium\u00bb url=\u00bb#planbrakets\u00bb align=\u00bbcenter\u00bb outline_skin=\u00bbcustom\u00bb outline_active_color=\u00bb#00a7e1&#8243; outline_active_text_color=\u00bb#00a7e1&#8243; outline_hover_bg_color=\u00bb#ffffff\u00bb outline_hover_color=\u00bb#00a7e1&#8243;]M\u00e1s informaci\u00f3n aqu\u00ed[\/mk_button][\/vc_column_inner][\/vc_row_inner][\/vc_column][\/vc_row][vc_row fullwidth=\u00bbtrue\u00bb fullwidth_content=\u00bbfalse\u00bb equal_columns=\u00bbtrue\u00bb css=\u00bb.vc_custom_1552945606084{margin-top: 0px !important;margin-bottom: 0px !important;}\u00bb][vc_column width=\u00bb1\/2&#8243; css=\u00bb.vc_custom_1547759974870{margin-bottom: 30px !important;}\u00bb][vc_row_inner css=\u00bb.vc_custom_1553101011318{margin-top: 20px !important;background-color: #ffffff !important;background-position: center !important;background-repeat: no-repeat !important;background-size: cover !important;}\u00bb el_class=\u00bbborderradius\u00bb][vc_column_inner css=\u00bb.vc_custom_1547743260117{padding-right: 20px !important;padding-left: 20px !important;}\u00bb][mk_padding_divider][mk_image_switch src_first=\u00bbhttp:\/\/www.nysclinicas.cl\/sitio\/wp-content\/uploads\/2019\/03\/implante.png\u00bb src_second=\u00bbhttp:\/\/www.nysclinicas.cl\/sitio\/wp-content\/uploads\/2019\/03\/implante-azul-maximo.png\u00bb image_width=\u00bb370&#8243; image_height=\u00bb370&#8243; crop=\u00bbfalse\u00bb align=\u00bbcenter\u00bb link=\u00bburl:%23planimplante|||\u00bb][mk_padding_divider size=\u00bb20&#8243;][mk_fancy_title color=\u00bb#e9a63c\u00bb size=\u00bb40&#8243; font_weight=\u00bbbold\u00bb font_style=\u00bbnormal\u00bb font_family=\u00bbnone\u00bb align=\u00bbcenter\u00bb]Implante Dental + Corona[\/mk_fancy_title][mk_button dimension=\u00bboutline\u00bb size=\u00bbmedium\u00bb url=\u00bb#planimplante\u00bb align=\u00bbcenter\u00bb outline_skin=\u00bbcustom\u00bb outline_active_color=\u00bb#00a7e1&#8243; outline_active_text_color=\u00bb#00a7e1&#8243; outline_hover_bg_color=\u00bb#ffffff\u00bb outline_hover_color=\u00bb#00a7e1&#8243;]M\u00e1s informaci\u00f3n aqu\u00ed[\/mk_button][\/vc_column_inner][\/vc_row_inner][\/vc_column][vc_column width=\u00bb1\/2&#8243;][\/vc_column][\/vc_row][vc_row fullwidth=\u00bbtrue\u00bb fullwidth_content=\u00bbfalse\u00bb css=\u00bb.vc_custom_1557435656634{padding-top: 30px !important;padding-bottom: 30px !important;background-color: #0174c8 !important;background-position: center !important;background-repeat: no-repeat !important;background-size: cover !important;}\u00bb id=\u00bbplanbrakets\u00bb][vc_column width=\u00bb1\/2&#8243;][vc_row_inner css=\u00bb.vc_custom_1547839339967{margin-top: 80px !important;}\u00bb][vc_column_inner][mk_image src=\u00bbhttp:\/\/www.nysclinicas.cl\/sitio\/wp-content\/uploads\/2019\/03\/ondot-entera.png\u00bb image_size=\u00bbfull\u00bb el_class=\u00bbborderradius\u00bb][\/vc_column_inner][\/vc_row_inner][\/vc_column][vc_column width=\u00bb1\/2&#8243;][vc_row_inner][vc_column_inner][mk_fancy_title color=\u00bb#00a7e1&#8243; size=\u00bb40&#8243; font_weight=\u00bbbold\u00bb font_style=\u00bbnormal\u00bb font_family=\u00bbnone\u00bb align=\u00bbcenter\u00bb el_class=\u00bbbackground2&#8243;]Instalaci\u00f3n Brakets + Controles[\/mk_fancy_title][mk_fancy_title color=\u00bb#ffffff\u00bb size=\u00bb18&#8243; font_weight=\u00bbbold\u00bb font_style=\u00bbnormal\u00bb font_family=\u00bbnone\u00bb responsive_align=\u00bbleft\u00bb]\n<ul>\n<li>Instalaci\u00f3n Brakets met\u00e1licos ambas arcadas<\/li>\n<li>Controles<\/li>\n<\/ul>\n[\/mk_fancy_title][vc_separator color=\u00bbwhite\u00bb border_width=\u00bb2&#8243;][mk_fancy_title color=\u00bb#ffffff\u00bb size=\u00bb40&#8243; font_weight=\u00bbbolder\u00bb font_style=\u00bbnormal\u00bb font_family=\u00bbnone\u00bb]Instalaci\u00f3n $99.000<\/p>\n<p>Controles $35.000[\/mk_fancy_title][\/vc_column_inner][\/vc_row_inner][\/vc_column][\/vc_row][vc_row fullwidth=\u00bbtrue\u00bb fullwidth_content=\u00bbfalse\u00bb css=\u00bb.vc_custom_1557435712162{padding-top: 30px !important;padding-bottom: 30px !important;background-color: #00a7e1 !important;background-position: center !important;background-repeat: no-repeat !important;background-size: cover !important;}\u00bb id=\u00bbplanimplante\u00bb][vc_column width=\u00bb1\/2&#8243;][vc_row_inner][vc_column_inner][mk_fancy_title color=\u00bb#0174c8&#8243; size=\u00bb40&#8243; font_weight=\u00bbbold\u00bb font_style=\u00bbnormal\u00bb margin_bottom=\u00bb0&#8243; font_family=\u00bbnone\u00bb align=\u00bbcenter\u00bb el_class=\u00bbbackground2&#8243;]Implante Dental + Corona[\/mk_fancy_title][mk_fancy_title color=\u00bb#ffffff\u00bb size=\u00bb18&#8243; font_weight=\u00bbbold\u00bb font_style=\u00bbnormal\u00bb font_family=\u00bbnone\u00bb responsive_align=\u00bbleft\u00bb]\n<ul>\n<li>Implante Dental de alta calidad<\/li>\n<li>Corona<\/li>\n<\/ul>\n[\/mk_fancy_title][vc_separator color=\u00bbwhite\u00bb border_width=\u00bb2&#8243;][mk_fancy_title color=\u00bb#ffffff\u00bb size=\u00bb40&#8243; font_weight=\u00bbbolder\u00bb font_style=\u00bbnormal\u00bb font_family=\u00bbnone\u00bb]$680.000[\/mk_fancy_title][\/vc_column_inner][\/vc_row_inner][\/vc_column][vc_column width=\u00bb1\/2&#8243;][vc_row_inner css=\u00bb.vc_custom_1547839425515{margin-top: 80px !important;}\u00bb][vc_column_inner][mk_image src=\u00bbhttps:\/\/www.nysclinicas.cl\/sitio\/wp-content\/uploads\/2025\/01\/istock-2165885746.jpg\u00bb image_width=\u00bb1568&#8243; image_height=\u00bb1004&#8243; el_class=\u00bbborderradius\u00bb][\/vc_column_inner][\/vc_row_inner][\/vc_column][\/vc_row][vc_row fullwidth=\u00bbtrue\u00bb fullwidth_content=\u00bbfalse\u00bb css=\u00bb.vc_custom_1632327398903{padding-top: 30px !important;padding-bottom: 30px !important;background-color: #e9a63c !important;background-position: center !important;background-repeat: no-repeat !important;background-size: cover !important;}\u00bb id=\u00bbplan4&#8243;][vc_column width=\u00bb1\/2&#8243;][vc_row_inner][vc_column_inner][mk_fancy_title color=\u00bb#0174c8&#8243; size=\u00bb40&#8243; font_weight=\u00bbbold\u00bb font_style=\u00bbnormal\u00bb margin_bottom=\u00bb0&#8243; font_family=\u00bbnone\u00bb align=\u00bbcenter\u00bb el_class=\u00bbbackground2&#8243;]Limpieza Dental Promoci\u00f3n[\/mk_fancy_title][mk_fancy_title color=\u00bb#ffffff\u00bb size=\u00bb16&#8243; margin_bottom=\u00bb0&#8243; font_family=\u00bbnone\u00bb]Cl\u00ednicas NyS ha creado un producto especial para complementar su salud dental. Sabemos que los precios muchas veces son bastante altos, pero fiel a nuestro compromiso con la comunidad hemos puesto a la disposici\u00f3n de nuestros clientes una promoci\u00f3n la cual consiste en una Completa Evaluaci\u00f3n Odontol\u00f3gica + Limpieza Dental + Destartraje + Profilaxis y Pulido Coronario por s\u00f3lo $19.990.-[\/mk_fancy_title][vc_separator color=\u00bbwhite\u00bb border_width=\u00bb2&#8243;][mk_fancy_title color=\u00bb#ffffff\u00bb size=\u00bb40&#8243; font_weight=\u00bbbolder\u00bb font_style=\u00bbnormal\u00bb margin_bottom=\u00bb0&#8243; font_family=\u00bbnone\u00bb]$19.990[\/mk_fancy_title][\/vc_column_inner][\/vc_row_inner][\/vc_column][vc_column width=\u00bb1\/2&#8243;][vc_row_inner css=\u00bb.vc_custom_1547839425515{margin-top: 80px !important;}\u00bb][vc_column_inner][mk_image src=\u00bb\/sitio\/wp-content\/uploads\/2019\/01\/planes-3-1.jpg\u00bb el_class=\u00bbborderradius\u00bb][\/vc_column_inner][\/vc_row_inner][\/vc_column][\/vc_row][vc_row fullwidth=\u00bbtrue\u00bb fullwidth_content=\u00bbfalse\u00bb css=\u00bb.vc_custom_1548105543061{padding-top: 25px !important;padding-bottom: 25px !important;background-image: url(\/sitio\/wp-content\/uploads\/2019\/01\/reserva-tu-hora.png?id=57) !important;background-position: center !important;background-repeat: no-repeat !important;background-size: cover !important;}\u00bb][vc_column width=\u00bb1\/4&#8243;][\/vc_column][vc_column width=\u00bb2\/4&#8243;][vc_row_inner][vc_column_inner width=\u00bb1\/3&#8243;][mk_padding_divider size=\u00bb18&#8243;][mk_image src=\u00bb\/sitio\/wp-content\/uploads\/2019\/01\/ico_reserva.png\u00bb image_size=\u00bbfull\u00bb align=\u00bbcenter\u00bb][\/vc_column_inner][vc_column_inner width=\u00bb2\/3&#8243;][mk_fancy_title color=\u00bb#ffffff\u00bb size=\u00bb60&#8243; force_font_size=\u00bbtrue\u00bb size_phone=\u00bb30&#8243; line_height=\u00bb85&#8243; font_weight=\u00bbbold\u00bb font_style=\u00bbnormal\u00bb margin_top=\u00bb30&#8243; margin_bottom=\u00bb0&#8243; font_family=\u00bbnone\u00bb el_class=\u00bbmargin0&#8243;]RESERVA[\/mk_fancy_title][mk_fancy_title color=\u00bb#ffffff\u00bb size=\u00bb60&#8243; force_font_size=\u00bbtrue\u00bb size_phone=\u00bb30&#8243; line_height=\u00bb85&#8243; font_weight=\u00bbbold\u00bb font_style=\u00bbnormal\u00bb margin_bottom=\u00bb0&#8243; font_family=\u00bbnone\u00bb]TU HORA[\/mk_fancy_title][\/vc_column_inner][\/vc_row_inner][vc_separator color=\u00bbwhite\u00bb][mk_button dimension=\u00bbflat\u00bb corner_style=\u00bbrounded\u00bb size=\u00bbx-large\u00bb url=\u00bbhttp:\/\/agendamiento.softwaredentalink.com\/agendas\/online\/aa81ed00aca8f39ee890901406ca04483badc0c3&#8243; align=\u00bbcenter\u00bb margin_bottom=\u00bb0&#8243; margin_right=\u00bb0&#8243; el_class=\u00bbfontsize\u00bb bg_color=\u00bb#ffffff\u00bb btn_hover_bg=\u00bb#00a7e1&#8243; text_color=\u00bbdark\u00bb btn_hover_txt_color=\u00bb#ffffff\u00bb]AQU\u00cd[\/mk_button][\/vc_column][vc_column width=\u00bb1\/4&#8243;][\/vc_column][\/vc_row]\n","protected":false},"excerpt":{"rendered":"<p>[vc_row fullwidth=\u00bbtrue\u00bb el_class=\u00bbcabecera\u00bb css=\u00bb.vc_custom_1557443351399{background-image: url(http:\/\/www.nysclinicas.cl\/sitio\/wp-content\/uploads\/2019\/01\/titulo-degrade.png?id=175) !important;background-position: 0 0 !important;background-repeat: no-repeat !important;}\u00bb][vc_column width=\u00bb1\/6&#8243;][\/vc_column][vc_column width=\u00bb2\/6&#8243;][mk_image src=\u00bbhttp:\/\/www.nysclinicas.cl\/sitio\/wp-content\/uploads\/2019\/01\/titulo-5.png\u00bb image_size=\u00bbfull\u00bb align=\u00bbcenter\u00bb][\/vc_column][vc_column width=\u00bb2\/6&#8243;][mk_padding_divider size=\u00bb180&#8243; visibility=\u00bbhidden-sm\u00bb][mk_fancy_title color=\u00bb#ffffff\u00bb size=\u00bb50&#8243; force_font_size=\u00bbtrue\u00bb size_smallscreen=\u00bb40&#8243; size_tablet=\u00bb30&#8243; size_phone=\u00bb30&#8243; font_weight=\u00bbbold\u00bb font_style=\u00bbnormal\u00bb margin_bottom=\u00bb0&#8243; font_family=\u00bbnone\u00bb align=\u00bbcenter\u00bb el_class=\u00bbmargin0&#8243;]PROMOCIONES[\/mk_fancy_title][\/vc_column][vc_column width=\u00bb1\/6&#8243;][\/vc_column][\/vc_row][vc_row fullwidth=\u00bbtrue\u00bb fullwidth_content=\u00bbfalse\u00bb css=\u00bb.vc_custom_1553283395790{margin-top: 50px !important;}\u00bb][vc_column width=\u00bb1\/2&#8243; css=\u00bb.vc_custom_1547749811031{margin-bottom: 30px !important;}\u00bb][vc_row_inner css=\u00bb.vc_custom_1553100990719{margin-top: 20px !important;background-color: #ffffff !important;background-position: center !important;background-repeat: no-repeat !important;background-size: cover !important;}\u00bb el_class=\u00bbborderradius\u00bb][vc_column_inner css=\u00bb.vc_custom_1547743260117{padding-right: 20px [&hellip;]<\/p>\n","protected":false},"author":2,"featured_media":0,"parent":0,"menu_order":0,"comment_status":"closed","ping_status":"closed","template":"","meta":{"_joinchat":[],"footnotes":""},"class_list":["post-871","page","type-page","status-publish","hentry"],"_links":{"self":[{"href":"https:\/\/www.nysclinicas.cl\/sitio\/wp-json\/wp\/v2\/pages\/871","targetHints":{"allow":["GET"]}}],"collection":[{"href":"https:\/\/www.nysclinicas.cl\/sitio\/wp-json\/wp\/v2\/pages"}],"about":[{"href":"https:\/\/www.nysclinicas.cl\/sitio\/wp-json\/wp\/v2\/types\/page"}],"author":[{"embeddable":true,"href":"https:\/\/www.nysclinicas.cl\/sitio\/wp-json\/wp\/v2\/users\/2"}],"replies":[{"embeddable":true,"href":"https:\/\/www.nysclinicas.cl\/sitio\/wp-json\/wp\/v2\/comments?post=871"}],"version-history":[{"count":28,"href":"https:\/\/www.nysclinicas.cl\/sitio\/wp-json\/wp\/v2\/pages\/871\/revisions"}],"predecessor-version":[{"id":1112,"href":"https:\/\/www.nysclinicas.cl\/sitio\/wp-json\/wp\/v2\/pages\/871\/revisions\/1112"}],"wp:attachment":[{"href":"https:\/\/www.nysclinicas.cl\/sitio\/wp-json\/wp\/v2\/media?parent=871"}],"curies":[{"name":"wp","href":"https:\/\/api.w.org\/{rel}","templated":true}]}}