{"id":29,"date":"2019-01-14T15:02:05","date_gmt":"2019-01-14T15:02:05","guid":{"rendered":"http:\/\/nys.s2.imacom.cl\/?page_id=29"},"modified":"2023-11-09T13:27:36","modified_gmt":"2023-11-09T16:27:36","slug":"sedes","status":"publish","type":"page","link":"https:\/\/www.nysclinicas.cl\/sitio\/sedes\/","title":{"rendered":"Sedes"},"content":{"rendered":"[vc_row fullwidth=\u00bbtrue\u00bb el_class=\u00bbcabecera\u00bb css=\u00bb.vc_custom_1548105159224{margin-bottom: 50px !important;}\u00bb][vc_column width=\u00bb1\/6&#8243;][\/vc_column][vc_column width=\u00bb2\/6&#8243;][mk_image src=\u00bb\/sitio\/wp-content\/uploads\/2019\/01\/titulo-1.png\u00bb image_size=\u00bbfull\u00bb align=\u00bbcenter\u00bb margin_bottom=\u00bb0&#8243;][\/vc_column][vc_column width=\u00bb2\/6&#8243;][mk_padding_divider size=\u00bb180&#8243; visibility=\u00bbhidden-sm\u00bb][mk_fancy_title color=\u00bb#ffffff\u00bb size=\u00bb55&#8243; force_font_size=\u00bbtrue\u00bb size_smallscreen=\u00bb40&#8243; size_tablet=\u00bb30&#8243; size_phone=\u00bb30&#8243; font_weight=\u00bbbold\u00bb font_style=\u00bbnormal\u00bb margin_bottom=\u00bb0&#8243; font_family=\u00bbnone\u00bb align=\u00bbcenter\u00bb el_class=\u00bbmargin0&#8243;]SEDES[\/mk_fancy_title][\/vc_column][vc_column width=\u00bb1\/6&#8243;][\/vc_column][\/vc_row][vc_row column_padding=\u00bb2&#8243; css=\u00bb.vc_custom_1547732884707{margin-top: 0px !important;margin-right: 0px !important;margin-bottom: 50px !important;margin-left: 0px !important;padding-right: 0px !important;padding-left: 0px !important;}\u00bb][vc_column][vc_row_inner column_padding=\u00bb3&#8243; css=\u00bb.vc_custom_1547737009441{margin-top: 0px !important;margin-right: 0px !important;margin-bottom: 0px !important;margin-left: 0px !important;padding-top: 0px !important;padding-right: 0px !important;padding-bottom: 0px !important;padding-left: 0px !important;}\u00bb][vc_column_inner el_class=\u00bbborderradius\u00bb width=\u00bb1\/2&#8243; css=\u00bb.vc_custom_1547733914892{margin-top: 0px !important;margin-right: 0px !important;margin-bottom: 0px !important;margin-left: 0px !important;padding-top: 0px !important;padding-right: 0px !important;padding-bottom: 0px !important;padding-left: 0px !important;border-radius: 10px !important;}\u00bb][mk_image src=\u00bb\/sitio\/wp-content\/uploads\/2019\/01\/kether-salud-integral-1.jpg\u00bb image_size=\u00bbfull\u00bb align=\u00bbcenter\u00bb margin_bottom=\u00bb0&#8243;][\/vc_column_inner][vc_column_inner width=\u00bb1\/2&#8243;][mk_fancy_title color=\u00bb#e9a63c\u00bb size=\u00bb40&#8243; font_weight=\u00bbbold\u00bb font_style=\u00bbnormal\u00bb margin_bottom=\u00bb0&#8243; font_family=\u00bbnone\u00bb]N&amp;S Cl\u00ednicas &#8211; Kether[\/mk_fancy_title][mk_fancy_title color=\u00bb#ffffff\u00bb size=\u00bb25&#8243; font_weight=\u00bb400&#8243; font_style=\u00bbnormal\u00bb margin_bottom=\u00bb0&#8243; font_family=\u00bbnone\u00bb align=\u00bbcenter\u00bb el_class=\u00bbbackground\u00bb]Avda. Estadio N\u00b01590[\/mk_fancy_title][mk_fancy_title color=\u00bb#9c9c9c\u00bb size=\u00bb25&#8243; font_weight=\u00bb400&#8243; font_style=\u00bbnormal\u00bb margin_bottom=\u00bb0&#8243; font_family=\u00bbnone\u00bb]Esquina Huanhual\u00ed,<br \/>\nLa Serena.[\/mk_fancy_title][mk_fancy_title color=\u00bb#00a7e1&#8243; size=\u00bb25&#8243; font_weight=\u00bb400&#8243; font_style=\u00bbnormal\u00bb margin_bottom=\u00bb0&#8243; font_family=\u00bbnone\u00bb]<img loading=\"lazy\" decoding=\"async\" class=\"alignnone wp-image-717\" src=\"\/sitio\/wp-content\/uploads\/2019\/01\/telefonos_celeste.png\" alt=\"\" width=\"25\" height=\"25\" \/>\u00a051 221 2757[\/mk_fancy_title][\/vc_column_inner][\/vc_row_inner][\/vc_column][\/vc_row][vc_row fullwidth=\u00bbtrue\u00bb fullwidth_content=\u00bbfalse\u00bb css=\u00bb.vc_custom_1547734784277{margin-top: 30px !important;margin-bottom: 60px !important;}\u00bb][vc_column width=\u00bb1\/2&#8243;][vc_accordions style=\u00bbsimple-style\u00bb action_style=\u00bbtoggle-action\u00bb][vc_accordion_tab title=\u00bb\u00c1rea dental\u00bb][mk_fancy_title margin_bottom=\u00bb0&#8243; font_family=\u00bbnone\u00bb responsive_align=\u00bbleft\u00bb]\n<ul>\n<li>Urgencia dental 24 hrs<\/li>\n<li>Odontolog\u00eda general<\/li>\n<li>Est\u00e9tica dental<\/li>\n<li>Blanqueamientos dentales<\/li>\n<li>Ortodoncia<\/li>\n<li>Odontopediatr\u00eda<\/li>\n<li>Rehabilitaci\u00f3n oral<\/li>\n<li>Pr\u00f3tesis fija y removible<\/li>\n<li>Periodoncia (trat. De enc\u00edas)<\/li>\n<li>Endodoncia (trat. De conducto)<\/li>\n<li>Radiograf\u00edas dentales<\/li>\n<\/ul>\n[\/mk_fancy_title][\/vc_accordion_tab][\/vc_accordions][\/vc_column][\/vc_row][vc_row][vc_column][vc_separator border_width=\u00bb2&#8243;][\/vc_column][\/vc_row][vc_row column_padding=\u00bb2&#8243; css=\u00bb.vc_custom_1547732884707{margin-top: 0px !important;margin-right: 0px !important;margin-bottom: 50px !important;margin-left: 0px !important;padding-right: 0px !important;padding-left: 0px !important;}\u00bb][vc_column][vc_row_inner column_padding=\u00bb3&#8243; css=\u00bb.vc_custom_1547737015744{margin-top: 0px !important;margin-right: 0px !important;margin-bottom: 0px !important;margin-left: 0px !important;padding-top: 0px !important;padding-right: 0px !important;padding-bottom: 0px !important;padding-left: 0px !important;}\u00bb][vc_column_inner el_class=\u00bbborderradius\u00bb width=\u00bb1\/2&#8243; css=\u00bb.vc_custom_1547733914892{margin-top: 0px !important;margin-right: 0px !important;margin-bottom: 0px !important;margin-left: 0px !important;padding-top: 0px !important;padding-right: 0px !important;padding-bottom: 0px !important;padding-left: 0px !important;border-radius: 10px !important;}\u00bb][mk_image src=\u00bbhttps:\/\/www.nysclinicas.cl\/sitio\/wp-content\/uploads\/2022\/06\/kether.png\u00bb image_size=\u00bbfull\u00bb align=\u00bbcenter\u00bb margin_bottom=\u00bb0&#8243;][\/vc_column_inner][vc_column_inner width=\u00bb1\/2&#8243;][mk_fancy_title color=\u00bb#e9a63c\u00bb size=\u00bb39&#8243; force_font_size=\u00bbtrue\u00bb size_smallscreen=\u00bb39&#8243; size_tablet=\u00bb39&#8243; size_phone=\u00bb35&#8243; font_weight=\u00bbbold\u00bb font_style=\u00bbnormal\u00bb margin_bottom=\u00bb0&#8243; font_family=\u00bbnone\u00bb]N&amp;S Cl\u00ednicas &#8211; Implantolog\u00eda y Est\u00e9tica Dental[\/mk_fancy_title][mk_fancy_title color=\u00bb#ffffff\u00bb size=\u00bb25&#8243; font_weight=\u00bb400&#8243; font_style=\u00bbnormal\u00bb margin_bottom=\u00bb0&#8243; font_family=\u00bbnone\u00bb align=\u00bbcenter\u00bb el_class=\u00bbbackground\u00bb]Avda. Estadio N\u00b0 1590[\/mk_fancy_title][mk_fancy_title color=\u00bb#9c9c9c\u00bb size=\u00bb25&#8243; font_weight=\u00bb400&#8243; font_style=\u00bbnormal\u00bb margin_bottom=\u00bb0&#8243; font_family=\u00bbnone\u00bb]Esquina Huanhual\u00ed, La Serena.[\/mk_fancy_title][mk_fancy_title color=\u00bb#00a7e1&#8243; size=\u00bb25&#8243; font_weight=\u00bb400&#8243; font_style=\u00bbnormal\u00bb margin_bottom=\u00bb0&#8243; font_family=\u00bbnone\u00bb]<img loading=\"lazy\" decoding=\"async\" class=\"alignnone wp-image-717\" src=\"\/sitio\/wp-content\/uploads\/2019\/01\/telefonos_celeste.png\" alt=\"\" width=\"25\" height=\"25\" \/>\u00a051 221 2757[\/mk_fancy_title][\/vc_column_inner][\/vc_row_inner][\/vc_column][\/vc_row][vc_row fullwidth=\u00bbtrue\u00bb fullwidth_content=\u00bbfalse\u00bb css=\u00bb.vc_custom_1547734784277{margin-top: 30px !important;margin-bottom: 60px !important;}\u00bb][vc_column width=\u00bb1\/2&#8243;][vc_accordions style=\u00bbsimple-style\u00bb action_style=\u00bbtoggle-action\u00bb][vc_accordion_tab title=\u00bb\u00c1rea dental\u00bb][mk_fancy_title margin_bottom=\u00bb0&#8243; font_family=\u00bbnone\u00bb responsive_align=\u00bbleft\u00bb]\n<ul>\n<li>Urgencias dentales 24 horas<\/li>\n<li>Est\u00e9tica dental<\/li>\n<li>Implantes dentales oseointegrados<\/li>\n<li>Implantes de titanio<\/li>\n<li>Implantes dentales de carga inmediata<\/li>\n<li>Injertos \u00f3seos<\/li>\n<li>Cirug\u00eda regenerativa y reconstructiva<\/li>\n<li>Pr\u00f3tesis y coronas implantadas<\/li>\n<li>Blanqueamientos dentales<\/li>\n<li>Periodoncia (tratamiento de enc\u00edas)<\/li>\n<li>Endodoncia (tratamiento de conducto)<\/li>\n<li>Cirug\u00eda bucal<\/li>\n<li>Patolog\u00eda oral (biopsias)<\/li>\n<li>Rehabilitaci\u00f3n oral<\/li>\n<li>Pr\u00f3tesis fija y removibles<\/li>\n<li>Tratamiento de bruxismo<\/li>\n<li>Imagenolog\u00eda<\/li>\n<\/ul>\n[\/mk_fancy_title][\/vc_accordion_tab][\/vc_accordions][\/vc_column][vc_column width=\u00bb1\/2&#8243;][vc_accordions style=\u00bbsimple-style\u00bb action_style=\u00bbtoggle-action\u00bb][vc_accordion_tab title=\u00bbServicio de apoyo odontol\u00f3gico\u00bb][mk_fancy_title margin_bottom=\u00bb0&#8243; font_family=\u00bbnone\u00bb responsive_align=\u00bbleft\u00bb]\n<ul>\n<li>Salas de esterilizaci\u00f3n<\/li>\n<li>Laboratorio dental<\/li>\n<li>Pabell\u00f3n de cirug\u00eda menor<\/li>\n<li>Estacionamiento privado<\/li>\n<li>Atenci\u00f3n especial a pacientes de regiones<\/li>\n<\/ul>\n[\/mk_fancy_title][\/vc_accordion_tab][\/vc_accordions][\/vc_column][\/vc_row][vc_row][vc_column][vc_separator border_width=\u00bb2&#8243;][\/vc_column][\/vc_row][vc_row column_padding=\u00bb2&#8243; css=\u00bb.vc_custom_1547732884707{margin-top: 0px !important;margin-right: 0px !important;margin-bottom: 50px !important;margin-left: 0px !important;padding-right: 0px !important;padding-left: 0px !important;}\u00bb][vc_column][vc_row_inner column_padding=\u00bb3&#8243; css=\u00bb.vc_custom_1547737015744{margin-top: 0px !important;margin-right: 0px !important;margin-bottom: 0px !important;margin-left: 0px !important;padding-top: 0px !important;padding-right: 0px !important;padding-bottom: 0px !important;padding-left: 0px !important;}\u00bb][vc_column_inner el_class=\u00bbborderradius\u00bb width=\u00bb1\/2&#8243; css=\u00bb.vc_custom_1547733914892{margin-top: 0px !important;margin-right: 0px !important;margin-bottom: 0px !important;margin-left: 0px !important;padding-top: 0px !important;padding-right: 0px !important;padding-bottom: 0px !important;padding-left: 0px !important;border-radius: 10px !important;}\u00bb][mk_image src=\u00bb\/sitio\/wp-content\/uploads\/2019\/01\/sedes-3.jpg\u00bb image_size=\u00bbfull\u00bb align=\u00bbcenter\u00bb margin_bottom=\u00bb0&#8243;][\/vc_column_inner][vc_column_inner width=\u00bb1\/2&#8243;][mk_fancy_title color=\u00bb#e9a63c\u00bb size=\u00bb39&#8243; font_weight=\u00bbbold\u00bb font_style=\u00bbnormal\u00bb margin_bottom=\u00bb0&#8243; font_family=\u00bbnone\u00bb]N&amp;S Cl\u00ednicas &#8211; Centro Dental La Serena[\/mk_fancy_title][mk_fancy_title color=\u00bb#ffffff\u00bb size=\u00bb25&#8243; font_weight=\u00bb400&#8243; font_style=\u00bbnormal\u00bb margin_bottom=\u00bb0&#8243; font_family=\u00bbnone\u00bb align=\u00bbcenter\u00bb el_class=\u00bbbackground\u00bb]Balmaceda N\u00b0417 Of. 24[\/mk_fancy_title][mk_fancy_title color=\u00bb#9c9c9c\u00bb size=\u00bb25&#8243; font_weight=\u00bb400&#8243; font_style=\u00bbnormal\u00bb margin_bottom=\u00bb0&#8243; font_family=\u00bbnone\u00bb]Esquina Prat,<br \/>\nLa Serena.[\/mk_fancy_title][mk_fancy_title color=\u00bb#00a7e1&#8243; size=\u00bb25&#8243; font_weight=\u00bb400&#8243; font_style=\u00bbnormal\u00bb margin_bottom=\u00bb0&#8243; font_family=\u00bbnone\u00bb]51 234 8020[\/mk_fancy_title][\/vc_column_inner][\/vc_row_inner][\/vc_column][\/vc_row][vc_row fullwidth=\u00bbtrue\u00bb fullwidth_content=\u00bbfalse\u00bb css=\u00bb.vc_custom_1547734784277{margin-top: 30px !important;margin-bottom: 60px !important;}\u00bb][vc_column width=\u00bb1\/4&#8243;][\/vc_column][vc_column width=\u00bb2\/4&#8243;][vc_accordions style=\u00bbsimple-style\u00bb action_style=\u00bbtoggle-action\u00bb][vc_accordion_tab title=\u00bbServicios\u00bb][mk_fancy_title margin_bottom=\u00bb0&#8243; font_family=\u00bbnone\u00bb responsive_align=\u00bbleft\u00bb]\n<ul>\n<li>Urgencias dentales<\/li>\n<li>Ortodoncia moderna<\/li>\n<li>Est\u00e9tica facial<\/li>\n<li>Blanqueamientos dentales<\/li>\n<li>Pr\u00f3tesis fija<\/li>\n<li>Pr\u00f3tesis removible<\/li>\n<li>Endodoncia<\/li>\n<li>Periodoncia (tratamiento de enc\u00edas)<\/li>\n<li>Odontopediatr\u00eda<\/li>\n<li>Cirug\u00eda bucal<\/li>\n<li>Radiolog\u00eda dental<\/li>\n<\/ul>\n[\/mk_fancy_title][\/vc_accordion_tab][\/vc_accordions][\/vc_column][vc_column width=\u00bb1\/4&#8243;][\/vc_column][\/vc_row][vc_row fullwidth=\u00bbtrue\u00bb fullwidth_content=\u00bbfalse\u00bb css=\u00bb.vc_custom_1548105181243{padding-top: 25px !important;padding-bottom: 25px !important;background-image: url(\/sitio\/wp-content\/uploads\/2019\/01\/reserva-tu-hora.png?id=57) !important;background-position: center !important;background-repeat: no-repeat !important;background-size: cover !important;}\u00bb][vc_column width=\u00bb1\/4&#8243;][\/vc_column][vc_column width=\u00bb2\/4&#8243;][vc_row_inner][vc_column_inner width=\u00bb1\/3&#8243;][mk_padding_divider size=\u00bb18&#8243;][mk_image src=\u00bb\/sitio\/wp-content\/uploads\/2019\/01\/ico_reserva.png\u00bb image_size=\u00bbfull\u00bb align=\u00bbcenter\u00bb margin_bottom=\u00bb0&#8243;][\/vc_column_inner][vc_column_inner width=\u00bb2\/3&#8243;][mk_fancy_title color=\u00bb#ffffff\u00bb size=\u00bb60&#8243; force_font_size=\u00bbtrue\u00bb size_phone=\u00bb30&#8243; line_height=\u00bb85&#8243; font_weight=\u00bbbold\u00bb font_style=\u00bbnormal\u00bb margin_top=\u00bb30&#8243; margin_bottom=\u00bb0&#8243; font_family=\u00bbnone\u00bb el_class=\u00bbmargin0&#8243;]RESERVA[\/mk_fancy_title][mk_fancy_title color=\u00bb#ffffff\u00bb size=\u00bb60&#8243; force_font_size=\u00bbtrue\u00bb size_phone=\u00bb30&#8243; line_height=\u00bb85&#8243; font_weight=\u00bbbold\u00bb font_style=\u00bbnormal\u00bb margin_bottom=\u00bb0&#8243; font_family=\u00bbnone\u00bb]TU HORA[\/mk_fancy_title][\/vc_column_inner][\/vc_row_inner][vc_separator color=\u00bbwhite\u00bb][mk_button dimension=\u00bbflat\u00bb corner_style=\u00bbrounded\u00bb size=\u00bbx-large\u00bb url=\u00bbhttp:\/\/agendamiento.softwaredentalink.com\/agendas\/online\/aa81ed00aca8f39ee890901406ca04483badc0c3&#8243; align=\u00bbcenter\u00bb margin_bottom=\u00bb0&#8243; margin_right=\u00bb0&#8243; el_class=\u00bbfontsize\u00bb bg_color=\u00bb#ffffff\u00bb btn_hover_bg=\u00bb#00a7e1&#8243; text_color=\u00bbdark\u00bb btn_hover_txt_color=\u00bb#ffffff\u00bb]AQU\u00cd[\/mk_button][\/vc_column][vc_column width=\u00bb1\/4&#8243;][\/vc_column][\/vc_row]\n","protected":false},"excerpt":{"rendered":"<p>[vc_row fullwidth=\u00bbtrue\u00bb el_class=\u00bbcabecera\u00bb css=\u00bb.vc_custom_1548105159224{margin-bottom: 50px !important;}\u00bb][vc_column width=\u00bb1\/6&#8243;][\/vc_column][vc_column width=\u00bb2\/6&#8243;][mk_image src=\u00bb\/sitio\/wp-content\/uploads\/2019\/01\/titulo-1.png\u00bb image_size=\u00bbfull\u00bb align=\u00bbcenter\u00bb margin_bottom=\u00bb0&#8243;][\/vc_column][vc_column width=\u00bb2\/6&#8243;][mk_padding_divider size=\u00bb180&#8243; visibility=\u00bbhidden-sm\u00bb][mk_fancy_title color=\u00bb#ffffff\u00bb size=\u00bb55&#8243; force_font_size=\u00bbtrue\u00bb size_smallscreen=\u00bb40&#8243; size_tablet=\u00bb30&#8243; size_phone=\u00bb30&#8243; font_weight=\u00bbbold\u00bb font_style=\u00bbnormal\u00bb margin_bottom=\u00bb0&#8243; font_family=\u00bbnone\u00bb align=\u00bbcenter\u00bb el_class=\u00bbmargin0&#8243;]SEDES[\/mk_fancy_title][\/vc_column][vc_column width=\u00bb1\/6&#8243;][\/vc_column][\/vc_row][vc_row column_padding=\u00bb2&#8243; css=\u00bb.vc_custom_1547732884707{margin-top: 0px !important;margin-right: 0px !important;margin-bottom: 50px !important;margin-left: 0px !important;padding-right: 0px !important;padding-left: 0px !important;}\u00bb][vc_column][vc_row_inner column_padding=\u00bb3&#8243; css=\u00bb.vc_custom_1547737009441{margin-top: 0px !important;margin-right: 0px !important;margin-bottom: 0px !important;margin-left: 0px !important;padding-top: 0px !important;padding-right: 0px [&hellip;]<\/p>\n","protected":false},"author":2,"featured_media":0,"parent":0,"menu_order":0,"comment_status":"closed","ping_status":"closed","template":"","meta":{"_joinchat":[],"footnotes":""},"class_list":["post-29","page","type-page","status-publish","hentry"],"_links":{"self":[{"href":"https:\/\/www.nysclinicas.cl\/sitio\/wp-json\/wp\/v2\/pages\/29","targetHints":{"allow":["GET"]}}],"collection":[{"href":"https:\/\/www.nysclinicas.cl\/sitio\/wp-json\/wp\/v2\/pages"}],"about":[{"href":"https:\/\/www.nysclinicas.cl\/sitio\/wp-json\/wp\/v2\/types\/page"}],"author":[{"embeddable":true,"href":"https:\/\/www.nysclinicas.cl\/sitio\/wp-json\/wp\/v2\/users\/2"}],"replies":[{"embeddable":true,"href":"https:\/\/www.nysclinicas.cl\/sitio\/wp-json\/wp\/v2\/comments?post=29"}],"version-history":[{"count":96,"href":"https:\/\/www.nysclinicas.cl\/sitio\/wp-json\/wp\/v2\/pages\/29\/revisions"}],"predecessor-version":[{"id":1036,"href":"https:\/\/www.nysclinicas.cl\/sitio\/wp-json\/wp\/v2\/pages\/29\/revisions\/1036"}],"wp:attachment":[{"href":"https:\/\/www.nysclinicas.cl\/sitio\/wp-json\/wp\/v2\/media?parent=29"}],"curies":[{"name":"wp","href":"https:\/\/api.w.org\/{rel}","templated":true}]}}